{"id":5690,"date":"2020-07-03T02:47:13","date_gmt":"2020-07-03T02:47:13","guid":{"rendered":"https:\/\/erturkprojemobilya.com\/portfolio-grid-no-space-3-columns\/"},"modified":"2023-09-19T16:08:38","modified_gmt":"2023-09-19T16:08:38","slug":"portfolio-grid-no-space-3-columns","status":"publish","type":"page","link":"https:\/\/erturkprojemobilya.com\/en\/portfolio-grid-no-space-3-columns\/","title":{"rendered":"Portfolio Grid No Space 3 Columns"},"content":{"rendered":"\t\t<div data-elementor-type=\"wp-page\" data-elementor-id=\"5690\" class=\"elementor elementor-5690 elementor-3896\" data-elementor-post-type=\"page\">\n\t\t\t\t\t\t<section class=\"elementor-section elementor-top-section elementor-element elementor-element-3d9319b elementor-section-boxed elementor-section-height-default elementor-section-height-default\" data-id=\"3d9319b\" data-element_type=\"section\" data-e-type=\"section\">\n\t\t\t\t\t\t<div class=\"elementor-container elementor-column-gap-default\">\n\t\t\t\t\t<div class=\"elementor-column elementor-col-100 elementor-top-column elementor-element elementor-element-b0fa9c2 ot-flex-column-vertical\" data-id=\"b0fa9c2\" data-element_type=\"column\" data-e-type=\"column\">\n\t\t\t<div class=\"elementor-widget-wrap elementor-element-populated\">\n\t\t\t\t\t\t<div class=\"elementor-element elementor-element-7e8cf5e theratio-align-center elementor-widget elementor-widget-iheading\" data-id=\"7e8cf5e\" data-element_type=\"widget\" data-e-type=\"widget\" data-widget_type=\"iheading.default\">\n\t\t\t\t<div class=\"elementor-widget-container\">\n\t\t\t\t\t\t\t<div class=\"ot-heading is-dots\">\r\n\t        <span>[ our portfolio ]<\/span>\t        <h2 class=\"main-heading\">Some of Our Works<br>  and Case Studies for Clients<\/h2>\t    <\/div>\r\n\t    \t\t\t\t<\/div>\n\t\t\t\t<\/div>\n\t\t\t\t<div class=\"elementor-element elementor-element-f12bb67 elementor-widget elementor-widget-ipfilter\" data-id=\"f12bb67\" data-element_type=\"widget\" data-e-type=\"widget\" data-widget_type=\"ipfilter.default\">\n\t\t\t\t<div class=\"elementor-widget-container\">\n\t\t\t\t\t\r\n\t\t<div class=\"project-filter-wrapper\">\r\n\t\t\t\t        \t<div class=\"container\">\r\n\t        \t\t<ul class=\"project_filters\">\r\n\t        \t\t\t\t        \t\t\t \t<li><a href=\"#\" data-filter=\"*\" class=\"selected btn-details\">All<span class=\"filter-count\"><\/span><\/a><\/li>\r\n\t        \t\t\t\t\t                \t\t                    <li>\r\n\t\t\t\t\t\t\t\t<a class=\"btn-details\" href='#' data-filter='.category-41'>Architecture<span class=\"filter-count\"><\/span><\/a>\r\n\t\t\t\t\t\t\t<\/li>\t                    \r\n\t\t                \t\t                    <li>\r\n\t\t\t\t\t\t\t\t<a class=\"btn-details\" href='#' data-filter='.category-42'>Decor<span class=\"filter-count\"><\/span><\/a>\r\n\t\t\t\t\t\t\t<\/li>\t                    \r\n\t\t                \t\t                    <li>\r\n\t\t\t\t\t\t\t\t<a class=\"btn-details\" href='#' data-filter='.category-43'>Furniture<span class=\"filter-count\"><\/span><\/a>\r\n\t\t\t\t\t\t\t<\/li>\t                    \r\n\t\t                \t\t                    <li>\r\n\t\t\t\t\t\t\t\t<a class=\"btn-details\" href='#' data-filter='.category-44'>Interior Design<span class=\"filter-count\"><\/span><\/a>\r\n\t\t\t\t\t\t\t<\/li>\t                    \r\n\t\t                \t\t\t\t\t<\/ul>\r\n\t\t\t\t<\/div>\r\n\t        \t\t\t\t        <div class=\"projects-grid pf_3_cols style-2 img-scale\" data-load=\"3\" data-count=\"3\">\r\n\t\t\t<div class=\"grid-sizer\"><\/div>\r\n\t            \r\n<div class=\"project-item category-41 category-42 category-43 category-44 \">\r\n\t<div class=\"projects-box\">\r\n\t\t<div class=\"projects-thumbnail\" data-src=\"https:\/\/erturkprojemobilya.com\/wp-content\/uploads\/2022\/11\/3.jpg\" data-sub-html=\"K\u00f6sen Holding\">\r\n\t\t\t<a href=\"https:\/\/erturkprojemobilya.com\/en\/portfolio\/kosen-holding\/\">\r\n\t\t\t\t<img fetchpriority=\"high\" decoding=\"async\" width=\"720\" height=\"720\" src=\"https:\/\/erturkprojemobilya.com\/wp-content\/uploads\/2022\/11\/3-720x720.jpg\" class=\"attachment-theratio-portfolio-thumbnail-grid size-theratio-portfolio-thumbnail-grid wp-post-image\" alt=\"\" srcset=\"https:\/\/erturkprojemobilya.com\/wp-content\/uploads\/2022\/11\/3-720x720.jpg 720w, https:\/\/erturkprojemobilya.com\/wp-content\/uploads\/2022\/11\/3-150x150.jpg 150w\" sizes=\"(max-width: 720px) 100vw, 720px\" \/>\t\t\t<\/a>\r\n\t\t\t\r\n\t\t\t<span class=\"overlay\">\r\n\t\t\t\t<h5>K\u00f6sen Holding<\/h5>\r\n\t\t\t\t<i class=\"ot-flaticon-add\"><\/i>\r\n\t\t\t<\/span>\r\n\t\t<\/div>\r\n\t\t<div class=\"portfolio-info\">\r\n\t\t\t<div class=\"portfolio-info-inner\">\r\n\t\t\t\t<h5><a class=\"title-link\" href=\"https:\/\/erturkprojemobilya.com\/en\/portfolio\/kosen-holding\/\" data-src=\"https:\/\/erturkprojemobilya.com\/wp-content\/uploads\/2022\/11\/3.jpg\" data-sub-html=\"K\u00f6sen Holding\">K\u00f6sen Holding<\/a><\/h5>\r\n\t\t\t\t<p class=\"portfolio-cates\"><a href=\"https:\/\/erturkprojemobilya.com\/en\/portfolio-category\/architecture-en\/\">Architecture<\/a><a href=\"https:\/\/erturkprojemobilya.com\/en\/portfolio-category\/decor-en\/\">Decor<\/a><a href=\"https:\/\/erturkprojemobilya.com\/en\/portfolio-category\/furniture-en\/\">Furniture<\/a><a href=\"https:\/\/erturkprojemobilya.com\/en\/portfolio-category\/interior-design\/\">Interior Design<\/a><\/p> \r\n\t\t\t<\/div>\r\n\t\t\t<a class=\"overlay\" href=\"https:\/\/erturkprojemobilya.com\/en\/portfolio\/kosen-holding\/\"><\/a>\r\n\t\t<\/div>\r\n\t<\/div>\r\n<\/div>\r\n<div class=\"project-item category-41 category-42 category-43 category-44 \">\r\n\t<div class=\"projects-box\">\r\n\t\t<div class=\"projects-thumbnail\" data-src=\"https:\/\/erturkprojemobilya.com\/wp-content\/uploads\/2021\/11\/Adsiz-tasarim.jpg\" data-sub-html=\"Kossen Palas\">\r\n\t\t\t<a href=\"https:\/\/erturkprojemobilya.com\/en\/portfolio\/kossen-palas\/\">\r\n\t\t\t\t<img decoding=\"async\" width=\"720\" height=\"720\" src=\"https:\/\/erturkprojemobilya.com\/wp-content\/uploads\/2021\/11\/Adsiz-tasarim-720x720.jpg\" class=\"attachment-theratio-portfolio-thumbnail-grid size-theratio-portfolio-thumbnail-grid wp-post-image\" alt=\"\" srcset=\"https:\/\/erturkprojemobilya.com\/wp-content\/uploads\/2021\/11\/Adsiz-tasarim-720x720.jpg 720w, https:\/\/erturkprojemobilya.com\/wp-content\/uploads\/2021\/11\/Adsiz-tasarim-150x150.jpg 150w\" sizes=\"(max-width: 720px) 100vw, 720px\" \/>\t\t\t<\/a>\r\n\t\t\t\r\n\t\t\t<span class=\"overlay\">\r\n\t\t\t\t<h5>Kossen Palas<\/h5>\r\n\t\t\t\t<i class=\"ot-flaticon-add\"><\/i>\r\n\t\t\t<\/span>\r\n\t\t<\/div>\r\n\t\t<div class=\"portfolio-info\">\r\n\t\t\t<div class=\"portfolio-info-inner\">\r\n\t\t\t\t<h5><a class=\"title-link\" href=\"https:\/\/erturkprojemobilya.com\/en\/portfolio\/kossen-palas\/\" data-src=\"https:\/\/erturkprojemobilya.com\/wp-content\/uploads\/2021\/11\/Adsiz-tasarim.jpg\" data-sub-html=\"Kossen Palas\">Kossen Palas<\/a><\/h5>\r\n\t\t\t\t<p class=\"portfolio-cates\"><a href=\"https:\/\/erturkprojemobilya.com\/en\/portfolio-category\/architecture-en\/\">Architecture<\/a><a href=\"https:\/\/erturkprojemobilya.com\/en\/portfolio-category\/decor-en\/\">Decor<\/a><a href=\"https:\/\/erturkprojemobilya.com\/en\/portfolio-category\/furniture-en\/\">Furniture<\/a><a href=\"https:\/\/erturkprojemobilya.com\/en\/portfolio-category\/interior-design\/\">Interior Design<\/a><\/p> \r\n\t\t\t<\/div>\r\n\t\t\t<a class=\"overlay\" href=\"https:\/\/erturkprojemobilya.com\/en\/portfolio\/kossen-palas\/\"><\/a>\r\n\t\t<\/div>\r\n\t<\/div>\r\n<\/div>\r\n<div class=\"project-item category-41 category-42 category-43 category-44 \">\r\n\t<div class=\"projects-box\">\r\n\t\t<div class=\"projects-thumbnail\" data-src=\"https:\/\/erturkprojemobilya.com\/wp-content\/uploads\/2020\/11\/2.jpg\" data-sub-html=\"K\u00f6sen Villa Residences\">\r\n\t\t\t<a href=\"https:\/\/erturkprojemobilya.com\/en\/portfolio\/kosen-villa-residences\/\">\r\n\t\t\t\t<img decoding=\"async\" width=\"720\" height=\"720\" src=\"https:\/\/erturkprojemobilya.com\/wp-content\/uploads\/2020\/11\/2-720x720.jpg\" class=\"attachment-theratio-portfolio-thumbnail-grid size-theratio-portfolio-thumbnail-grid wp-post-image\" alt=\"\" srcset=\"https:\/\/erturkprojemobilya.com\/wp-content\/uploads\/2020\/11\/2-720x720.jpg 720w, https:\/\/erturkprojemobilya.com\/wp-content\/uploads\/2020\/11\/2-150x150.jpg 150w\" sizes=\"(max-width: 720px) 100vw, 720px\" \/>\t\t\t<\/a>\r\n\t\t\t\r\n\t\t\t<span class=\"overlay\">\r\n\t\t\t\t<h5>K\u00f6sen Villa Residences<\/h5>\r\n\t\t\t\t<i class=\"ot-flaticon-add\"><\/i>\r\n\t\t\t<\/span>\r\n\t\t<\/div>\r\n\t\t<div class=\"portfolio-info\">\r\n\t\t\t<div class=\"portfolio-info-inner\">\r\n\t\t\t\t<h5><a class=\"title-link\" href=\"https:\/\/erturkprojemobilya.com\/en\/portfolio\/kosen-villa-residences\/\" data-src=\"https:\/\/erturkprojemobilya.com\/wp-content\/uploads\/2020\/11\/2.jpg\" data-sub-html=\"K\u00f6sen Villa Residences\">K\u00f6sen Villa Residences<\/a><\/h5>\r\n\t\t\t\t<p class=\"portfolio-cates\"><a href=\"https:\/\/erturkprojemobilya.com\/en\/portfolio-category\/architecture-en\/\">Architecture<\/a><a href=\"https:\/\/erturkprojemobilya.com\/en\/portfolio-category\/decor-en\/\">Decor<\/a><a href=\"https:\/\/erturkprojemobilya.com\/en\/portfolio-category\/furniture-en\/\">Furniture<\/a><a href=\"https:\/\/erturkprojemobilya.com\/en\/portfolio-category\/interior-design\/\">Interior Design<\/a><\/p> \r\n\t\t\t<\/div>\r\n\t\t\t<a class=\"overlay\" href=\"https:\/\/erturkprojemobilya.com\/en\/portfolio\/kosen-villa-residences\/\"><\/a>\r\n\t\t<\/div>\r\n\t<\/div>\r\n<\/div>\t\t\t<\/div>\r\n\r\n\t\t\t\t    <\/div>\r\n\t\t\t\t\t\t\t\t\t\t\r\n\t    \t\t\t\t<\/div>\n\t\t\t\t<\/div>\n\t\t\t\t\t<\/div>\n\t\t<\/div>\n\t\t\t\t\t<\/div>\n\t\t<\/section>\n\t\t\t\t<\/div>\n\t\t","protected":false},"excerpt":{"rendered":"<p>[ our portfolio ] Some of Our Works and Case Studies for Clients All Dekor \u0130\u00e7 Tasar\u0131m Mimari Mobilya K\u00f6sen Villa Konutlar\u0131 K\u00f6sen Villa Konutlar\u0131 Dekor\u0130\u00e7 Tasar\u0131mMimariMobilya K\u00f6sen Holding K\u00f6sen Holding Dekor\u0130\u00e7 Tasar\u0131mMimariMobilya K\u00f6sen Palas K\u00f6sen Palas Dekor\u0130\u00e7 Tasar\u0131mMimariMobilya<\/p>\n","protected":false},"author":1,"featured_media":0,"parent":0,"menu_order":0,"comment_status":"closed","ping_status":"closed","template":"","meta":{"footnotes":""},"class_list":["post-5690","page","type-page","status-publish","hentry"],"_links":{"self":[{"href":"https:\/\/erturkprojemobilya.com\/en\/wp-json\/wp\/v2\/pages\/5690","targetHints":{"allow":["GET"]}}],"collection":[{"href":"https:\/\/erturkprojemobilya.com\/en\/wp-json\/wp\/v2\/pages"}],"about":[{"href":"https:\/\/erturkprojemobilya.com\/en\/wp-json\/wp\/v2\/types\/page"}],"author":[{"embeddable":true,"href":"https:\/\/erturkprojemobilya.com\/en\/wp-json\/wp\/v2\/users\/1"}],"replies":[{"embeddable":true,"href":"https:\/\/erturkprojemobilya.com\/en\/wp-json\/wp\/v2\/comments?post=5690"}],"version-history":[{"count":1,"href":"https:\/\/erturkprojemobilya.com\/en\/wp-json\/wp\/v2\/pages\/5690\/revisions"}],"predecessor-version":[{"id":5691,"href":"https:\/\/erturkprojemobilya.com\/en\/wp-json\/wp\/v2\/pages\/5690\/revisions\/5691"}],"wp:attachment":[{"href":"https:\/\/erturkprojemobilya.com\/en\/wp-json\/wp\/v2\/media?parent=5690"}],"curies":[{"name":"wp","href":"https:\/\/api.w.org\/{rel}","templated":true}]}}